{"id":234,"date":"2024-12-18T11:53:14","date_gmt":"2024-12-18T10:53:14","guid":{"rendered":"https:\/\/les-amadeus.fr\/?page_id=234"},"modified":"2024-12-19T21:47:04","modified_gmt":"2024-12-19T20:47:04","slug":"anoux-2024","status":"publish","type":"page","link":"https:\/\/les-amadeus.fr\/index.php\/anoux-2024\/","title":{"rendered":"Anoux 2024"},"content":{"rendered":"\n<p>Tr\u00e8s beau concert de No\u00ebl en l&rsquo;\u00e9glise d&rsquo;Anoux. Belle ambiance avec un public sympathique.<\/p>\n\n\n\n<figure class=\"wp-block-image size-large\"><img loading=\"lazy\" decoding=\"async\" width=\"1024\" height=\"841\" src=\"https:\/\/les-amadeus.fr\/wp-content\/uploads\/2024\/12\/Capture-decran-2024-12-19-a-21.27.35-1024x841.png\" alt=\"\" class=\"wp-image-241\" srcset=\"https:\/\/les-amadeus.fr\/wp-content\/uploads\/2024\/12\/Capture-decran-2024-12-19-a-21.27.35-1024x841.png 1024w, https:\/\/les-amadeus.fr\/wp-content\/uploads\/2024\/12\/Capture-decran-2024-12-19-a-21.27.35-300x246.png 300w, https:\/\/les-amadeus.fr\/wp-content\/uploads\/2024\/12\/Capture-decran-2024-12-19-a-21.27.35-768x630.png 768w, https:\/\/les-amadeus.fr\/wp-content\/uploads\/2024\/12\/Capture-decran-2024-12-19-a-21.27.35-1536x1261.png 1536w, https:\/\/les-amadeus.fr\/wp-content\/uploads\/2024\/12\/Capture-decran-2024-12-19-a-21.27.35-73x60.png 73w, https:\/\/les-amadeus.fr\/wp-content\/uploads\/2024\/12\/Capture-decran-2024-12-19-a-21.27.35.png 1630w\" sizes=\"auto, (max-width: 1024px) 100vw, 1024px\" \/><\/figure>\n\n\n\n<figure class=\"wp-block-image size-large\"><img loading=\"lazy\" decoding=\"async\" width=\"1024\" height=\"768\" src=\"https:\/\/les-amadeus.fr\/wp-content\/uploads\/2024\/12\/IMG_0704-1024x768.jpeg\" alt=\"\" class=\"wp-image-271\" srcset=\"https:\/\/les-amadeus.fr\/wp-content\/uploads\/2024\/12\/IMG_0704-1024x768.jpeg 1024w, https:\/\/les-amadeus.fr\/wp-content\/uploads\/2024\/12\/IMG_0704-300x225.jpeg 300w, https:\/\/les-amadeus.fr\/wp-content\/uploads\/2024\/12\/IMG_0704-768x576.jpeg 768w, https:\/\/les-amadeus.fr\/wp-content\/uploads\/2024\/12\/IMG_0704-1536x1152.jpeg 1536w, https:\/\/les-amadeus.fr\/wp-content\/uploads\/2024\/12\/IMG_0704-2048x1536.jpeg 2048w, https:\/\/les-amadeus.fr\/wp-content\/uploads\/2024\/12\/IMG_0704-80x60.jpeg 80w\" sizes=\"auto, (max-width: 1024px) 100vw, 1024px\" \/><\/figure>\n\n\n\n<figure class=\"wp-block-image size-full\"><img loading=\"lazy\" decoding=\"async\" width=\"852\" height=\"480\" src=\"https:\/\/les-amadeus.fr\/wp-content\/uploads\/2024\/12\/08958390-BC72-45DE-8984-2A64245F6D2F_1_102_o.jpeg\" alt=\"\" class=\"wp-image-237\" srcset=\"https:\/\/les-amadeus.fr\/wp-content\/uploads\/2024\/12\/08958390-BC72-45DE-8984-2A64245F6D2F_1_102_o.jpeg 852w, https:\/\/les-amadeus.fr\/wp-content\/uploads\/2024\/12\/08958390-BC72-45DE-8984-2A64245F6D2F_1_102_o-300x170.jpeg 300w, https:\/\/les-amadeus.fr\/wp-content\/uploads\/2024\/12\/08958390-BC72-45DE-8984-2A64245F6D2F_1_102_o-768x433.jpeg 768w, https:\/\/les-amadeus.fr\/wp-content\/uploads\/2024\/12\/08958390-BC72-45DE-8984-2A64245F6D2F_1_102_o-107x60.jpeg 107w\" sizes=\"auto, (max-width: 852px) 100vw, 852px\" \/><\/figure>\n\n\n\n<figure class=\"wp-block-image size-full\"><img loading=\"lazy\" decoding=\"async\" width=\"1020\" height=\"765\" src=\"https:\/\/les-amadeus.fr\/wp-content\/uploads\/2024\/12\/C314016B-66B7-45FA-B0F6-9B19F97224D0.jpeg\" alt=\"\" class=\"wp-image-238\" srcset=\"https:\/\/les-amadeus.fr\/wp-content\/uploads\/2024\/12\/C314016B-66B7-45FA-B0F6-9B19F97224D0.jpeg 1020w, https:\/\/les-amadeus.fr\/wp-content\/uploads\/2024\/12\/C314016B-66B7-45FA-B0F6-9B19F97224D0-300x225.jpeg 300w, https:\/\/les-amadeus.fr\/wp-content\/uploads\/2024\/12\/C314016B-66B7-45FA-B0F6-9B19F97224D0-768x576.jpeg 768w, https:\/\/les-amadeus.fr\/wp-content\/uploads\/2024\/12\/C314016B-66B7-45FA-B0F6-9B19F97224D0-80x60.jpeg 80w\" sizes=\"auto, (max-width: 1020px) 100vw, 1020px\" \/><\/figure>\n\n\n\n<figure class=\"wp-block-gallery has-nested-images columns-default is-cropped wp-block-gallery-1 is-layout-flex wp-block-gallery-is-layout-flex\">\n<figure class=\"wp-block-image size-large\"><img loading=\"lazy\" decoding=\"async\" width=\"852\" height=\"480\" data-id=\"249\" src=\"https:\/\/les-amadeus.fr\/wp-content\/uploads\/2024\/12\/BA3034B8-6A39-48EF-AE49-5E0EDEA1DEBF_1_102_o.jpeg\" alt=\"\" class=\"wp-image-249\" srcset=\"https:\/\/les-amadeus.fr\/wp-content\/uploads\/2024\/12\/BA3034B8-6A39-48EF-AE49-5E0EDEA1DEBF_1_102_o.jpeg 852w, https:\/\/les-amadeus.fr\/wp-content\/uploads\/2024\/12\/BA3034B8-6A39-48EF-AE49-5E0EDEA1DEBF_1_102_o-300x170.jpeg 300w, https:\/\/les-amadeus.fr\/wp-content\/uploads\/2024\/12\/BA3034B8-6A39-48EF-AE49-5E0EDEA1DEBF_1_102_o-768x433.jpeg 768w, https:\/\/les-amadeus.fr\/wp-content\/uploads\/2024\/12\/BA3034B8-6A39-48EF-AE49-5E0EDEA1DEBF_1_102_o-107x60.jpeg 107w\" sizes=\"auto, (max-width: 852px) 100vw, 852px\" \/><\/figure>\n\n\n\n<figure class=\"wp-block-image size-large\"><img loading=\"lazy\" decoding=\"async\" width=\"640\" height=\"360\" data-id=\"243\" src=\"https:\/\/les-amadeus.fr\/wp-content\/uploads\/2024\/12\/BC5478AB-CEA5-4BF2-8FCD-EC27F1A9BA20_4_5005_c.jpeg\" alt=\"\" class=\"wp-image-243\" srcset=\"https:\/\/les-amadeus.fr\/wp-content\/uploads\/2024\/12\/BC5478AB-CEA5-4BF2-8FCD-EC27F1A9BA20_4_5005_c.jpeg 640w, https:\/\/les-amadeus.fr\/wp-content\/uploads\/2024\/12\/BC5478AB-CEA5-4BF2-8FCD-EC27F1A9BA20_4_5005_c-300x170.jpeg 300w, https:\/\/les-amadeus.fr\/wp-content\/uploads\/2024\/12\/BC5478AB-CEA5-4BF2-8FCD-EC27F1A9BA20_4_5005_c-107x60.jpeg 107w\" sizes=\"auto, (max-width: 640px) 100vw, 640px\" \/><\/figure>\n\n\n\n<figure class=\"wp-block-image size-large\"><img loading=\"lazy\" decoding=\"async\" width=\"640\" height=\"360\" data-id=\"246\" src=\"https:\/\/les-amadeus.fr\/wp-content\/uploads\/2024\/12\/C344F2F8-BE7A-41F1-B813-F0F1C32A4572_4_5005_c.jpeg\" alt=\"\" class=\"wp-image-246\" srcset=\"https:\/\/les-amadeus.fr\/wp-content\/uploads\/2024\/12\/C344F2F8-BE7A-41F1-B813-F0F1C32A4572_4_5005_c.jpeg 640w, https:\/\/les-amadeus.fr\/wp-content\/uploads\/2024\/12\/C344F2F8-BE7A-41F1-B813-F0F1C32A4572_4_5005_c-300x170.jpeg 300w, https:\/\/les-amadeus.fr\/wp-content\/uploads\/2024\/12\/C344F2F8-BE7A-41F1-B813-F0F1C32A4572_4_5005_c-107x60.jpeg 107w\" sizes=\"auto, (max-width: 640px) 100vw, 640px\" \/><\/figure>\n\n\n\n<figure class=\"wp-block-image size-large\"><img loading=\"lazy\" decoding=\"async\" width=\"1020\" height=\"765\" data-id=\"244\" src=\"https:\/\/les-amadeus.fr\/wp-content\/uploads\/2024\/12\/C314016B-66B7-45FA-B0F6-9B19F97224D0-1.jpeg\" alt=\"\" class=\"wp-image-244\" srcset=\"https:\/\/les-amadeus.fr\/wp-content\/uploads\/2024\/12\/C314016B-66B7-45FA-B0F6-9B19F97224D0-1.jpeg 1020w, https:\/\/les-amadeus.fr\/wp-content\/uploads\/2024\/12\/C314016B-66B7-45FA-B0F6-9B19F97224D0-1-300x225.jpeg 300w, https:\/\/les-amadeus.fr\/wp-content\/uploads\/2024\/12\/C314016B-66B7-45FA-B0F6-9B19F97224D0-1-768x576.jpeg 768w, https:\/\/les-amadeus.fr\/wp-content\/uploads\/2024\/12\/C314016B-66B7-45FA-B0F6-9B19F97224D0-1-80x60.jpeg 80w\" sizes=\"auto, (max-width: 1020px) 100vw, 1020px\" \/><\/figure>\n\n\n\n<figure class=\"wp-block-image size-large\"><img loading=\"lazy\" decoding=\"async\" width=\"852\" height=\"480\" data-id=\"245\" src=\"https:\/\/les-amadeus.fr\/wp-content\/uploads\/2024\/12\/D61C715E-7967-43E3-BD73-2E4D2FCA9597_1_102_o.jpeg\" alt=\"\" class=\"wp-image-245\" srcset=\"https:\/\/les-amadeus.fr\/wp-content\/uploads\/2024\/12\/D61C715E-7967-43E3-BD73-2E4D2FCA9597_1_102_o.jpeg 852w, https:\/\/les-amadeus.fr\/wp-content\/uploads\/2024\/12\/D61C715E-7967-43E3-BD73-2E4D2FCA9597_1_102_o-300x170.jpeg 300w, https:\/\/les-amadeus.fr\/wp-content\/uploads\/2024\/12\/D61C715E-7967-43E3-BD73-2E4D2FCA9597_1_102_o-768x433.jpeg 768w, https:\/\/les-amadeus.fr\/wp-content\/uploads\/2024\/12\/D61C715E-7967-43E3-BD73-2E4D2FCA9597_1_102_o-107x60.jpeg 107w\" sizes=\"auto, (max-width: 852px) 100vw, 852px\" \/><\/figure>\n\n\n\n<figure class=\"wp-block-image size-large\"><img loading=\"lazy\" decoding=\"async\" width=\"640\" height=\"360\" data-id=\"248\" src=\"https:\/\/les-amadeus.fr\/wp-content\/uploads\/2024\/12\/EDD70790-0C59-4628-8798-A23B6C104F8E_4_5005_c.jpeg\" alt=\"\" class=\"wp-image-248\" srcset=\"https:\/\/les-amadeus.fr\/wp-content\/uploads\/2024\/12\/EDD70790-0C59-4628-8798-A23B6C104F8E_4_5005_c.jpeg 640w, https:\/\/les-amadeus.fr\/wp-content\/uploads\/2024\/12\/EDD70790-0C59-4628-8798-A23B6C104F8E_4_5005_c-300x170.jpeg 300w, https:\/\/les-amadeus.fr\/wp-content\/uploads\/2024\/12\/EDD70790-0C59-4628-8798-A23B6C104F8E_4_5005_c-107x60.jpeg 107w\" sizes=\"auto, (max-width: 640px) 100vw, 640px\" \/><\/figure>\n\n\n\n<figure class=\"wp-block-image size-large\"><img loading=\"lazy\" decoding=\"async\" width=\"852\" height=\"480\" data-id=\"250\" src=\"https:\/\/les-amadeus.fr\/wp-content\/uploads\/2024\/12\/FD859DC0-5638-4BA5-BD28-ED96F7477100_1_102_o.jpeg\" alt=\"\" class=\"wp-image-250\" srcset=\"https:\/\/les-amadeus.fr\/wp-content\/uploads\/2024\/12\/FD859DC0-5638-4BA5-BD28-ED96F7477100_1_102_o.jpeg 852w, https:\/\/les-amadeus.fr\/wp-content\/uploads\/2024\/12\/FD859DC0-5638-4BA5-BD28-ED96F7477100_1_102_o-300x170.jpeg 300w, https:\/\/les-amadeus.fr\/wp-content\/uploads\/2024\/12\/FD859DC0-5638-4BA5-BD28-ED96F7477100_1_102_o-768x433.jpeg 768w, https:\/\/les-amadeus.fr\/wp-content\/uploads\/2024\/12\/FD859DC0-5638-4BA5-BD28-ED96F7477100_1_102_o-107x60.jpeg 107w\" sizes=\"auto, (max-width: 852px) 100vw, 852px\" \/><\/figure>\n<\/figure>\n\n\n\n<figure class=\"wp-block-video\"><video height=\"480\" style=\"aspect-ratio: 852 \/ 480;\" width=\"852\" controls src=\"https:\/\/les-amadeus.fr\/wp-content\/uploads\/2024\/12\/1000007130.mp4\"><\/video><\/figure>\n\n\n\n<figure class=\"wp-block-video\"><video height=\"480\" style=\"aspect-ratio: 852 \/ 480;\" width=\"852\" controls src=\"https:\/\/les-amadeus.fr\/wp-content\/uploads\/2024\/12\/1000007133.mp4\"><\/video><\/figure>\n\n\n\n<figure class=\"wp-block-video\"><video height=\"480\" style=\"aspect-ratio: 852 \/ 480;\" width=\"852\" controls src=\"https:\/\/les-amadeus.fr\/wp-content\/uploads\/2024\/12\/1000007135-1.mp4\"><\/video><\/figure>\n\n\n\n<figure class=\"wp-block-video\"><video height=\"480\" style=\"aspect-ratio: 852 \/ 480;\" width=\"852\" controls src=\"https:\/\/les-amadeus.fr\/wp-content\/uploads\/2024\/12\/1000007136-1.mp4\"><\/video><\/figure>\n\n\n\n<figure class=\"wp-block-video\"><video height=\"480\" style=\"aspect-ratio: 852 \/ 480;\" width=\"852\" controls src=\"https:\/\/les-amadeus.fr\/wp-content\/uploads\/2024\/12\/1000007138-1.mp4\"><\/video><\/figure>\n\n\n\n<figure class=\"wp-block-video\"><video height=\"480\" style=\"aspect-ratio: 852 \/ 480;\" width=\"852\" controls src=\"https:\/\/les-amadeus.fr\/wp-content\/uploads\/2024\/12\/1000007139-1.mp4\"><\/video><\/figure>\n\n\n\n<figure class=\"wp-block-video\"><video height=\"480\" style=\"aspect-ratio: 852 \/ 480;\" width=\"852\" controls src=\"https:\/\/les-amadeus.fr\/wp-content\/uploads\/2024\/12\/1000007141.mp4\"><\/video><\/figure>\n\n\n\n<figure class=\"wp-block-video\"><video height=\"480\" style=\"aspect-ratio: 852 \/ 480;\" width=\"852\" controls src=\"https:\/\/les-amadeus.fr\/wp-content\/uploads\/2024\/12\/1000007143-1.mp4\"><\/video><\/figure>\n\n\n\n<figure class=\"wp-block-video\"><video height=\"480\" style=\"aspect-ratio: 852 \/ 480;\" width=\"852\" controls src=\"https:\/\/les-amadeus.fr\/wp-content\/uploads\/2024\/12\/1000007148.mp4\"><\/video><\/figure>\n\n\n\n<figure class=\"wp-block-image size-large\"><img loading=\"lazy\" decoding=\"async\" width=\"1024\" height=\"768\" src=\"https:\/\/les-amadeus.fr\/wp-content\/uploads\/2024\/12\/IMG_0689-1024x768.jpeg\" alt=\"\" class=\"wp-image-267\" srcset=\"https:\/\/les-amadeus.fr\/wp-content\/uploads\/2024\/12\/IMG_0689-1024x768.jpeg 1024w, https:\/\/les-amadeus.fr\/wp-content\/uploads\/2024\/12\/IMG_0689-300x225.jpeg 300w, https:\/\/les-amadeus.fr\/wp-content\/uploads\/2024\/12\/IMG_0689-768x576.jpeg 768w, https:\/\/les-amadeus.fr\/wp-content\/uploads\/2024\/12\/IMG_0689-1536x1152.jpeg 1536w, https:\/\/les-amadeus.fr\/wp-content\/uploads\/2024\/12\/IMG_0689-2048x1536.jpeg 2048w, https:\/\/les-amadeus.fr\/wp-content\/uploads\/2024\/12\/IMG_0689-80x60.jpeg 80w\" sizes=\"auto, (max-width: 1024px) 100vw, 1024px\" \/><\/figure>\n\n\n\n<figure class=\"wp-block-image size-large\"><img loading=\"lazy\" decoding=\"async\" width=\"1024\" height=\"768\" src=\"https:\/\/les-amadeus.fr\/wp-content\/uploads\/2024\/12\/IMG_0694-1024x768.jpeg\" alt=\"\" class=\"wp-image-268\" srcset=\"https:\/\/les-amadeus.fr\/wp-content\/uploads\/2024\/12\/IMG_0694-1024x768.jpeg 1024w, https:\/\/les-amadeus.fr\/wp-content\/uploads\/2024\/12\/IMG_0694-300x225.jpeg 300w, https:\/\/les-amadeus.fr\/wp-content\/uploads\/2024\/12\/IMG_0694-768x576.jpeg 768w, https:\/\/les-amadeus.fr\/wp-content\/uploads\/2024\/12\/IMG_0694-1536x1152.jpeg 1536w, https:\/\/les-amadeus.fr\/wp-content\/uploads\/2024\/12\/IMG_0694-2048x1536.jpeg 2048w, https:\/\/les-amadeus.fr\/wp-content\/uploads\/2024\/12\/IMG_0694-80x60.jpeg 80w\" sizes=\"auto, (max-width: 1024px) 100vw, 1024px\" \/><\/figure>\n\n\n\n<figure class=\"wp-block-image size-large\"><img loading=\"lazy\" decoding=\"async\" width=\"1024\" height=\"768\" src=\"https:\/\/les-amadeus.fr\/wp-content\/uploads\/2024\/12\/IMG_0700-1024x768.jpeg\" alt=\"\" class=\"wp-image-269\" srcset=\"https:\/\/les-amadeus.fr\/wp-content\/uploads\/2024\/12\/IMG_0700-1024x768.jpeg 1024w, https:\/\/les-amadeus.fr\/wp-content\/uploads\/2024\/12\/IMG_0700-300x225.jpeg 300w, https:\/\/les-amadeus.fr\/wp-content\/uploads\/2024\/12\/IMG_0700-768x576.jpeg 768w, https:\/\/les-amadeus.fr\/wp-content\/uploads\/2024\/12\/IMG_0700-1536x1152.jpeg 1536w, https:\/\/les-amadeus.fr\/wp-content\/uploads\/2024\/12\/IMG_0700-2048x1536.jpeg 2048w, https:\/\/les-amadeus.fr\/wp-content\/uploads\/2024\/12\/IMG_0700-80x60.jpeg 80w\" sizes=\"auto, (max-width: 1024px) 100vw, 1024px\" \/><\/figure>\n","protected":false},"excerpt":{"rendered":"<p>Tr\u00e8s beau concert de No\u00ebl en l&rsquo;\u00e9glise d&rsquo;Anoux. Belle ambiance avec un public sympathique.<\/p>\n","protected":false},"author":1,"featured_media":0,"parent":0,"menu_order":0,"comment_status":"closed","ping_status":"closed","template":"","meta":{"footnotes":""},"class_list":["post-234","page","type-page","status-publish","hentry"],"_links":{"self":[{"href":"https:\/\/les-amadeus.fr\/index.php\/wp-json\/wp\/v2\/pages\/234","targetHints":{"allow":["GET"]}}],"collection":[{"href":"https:\/\/les-amadeus.fr\/index.php\/wp-json\/wp\/v2\/pages"}],"about":[{"href":"https:\/\/les-amadeus.fr\/index.php\/wp-json\/wp\/v2\/types\/page"}],"author":[{"embeddable":true,"href":"https:\/\/les-amadeus.fr\/index.php\/wp-json\/wp\/v2\/users\/1"}],"replies":[{"embeddable":true,"href":"https:\/\/les-amadeus.fr\/index.php\/wp-json\/wp\/v2\/comments?post=234"}],"version-history":[{"count":7,"href":"https:\/\/les-amadeus.fr\/index.php\/wp-json\/wp\/v2\/pages\/234\/revisions"}],"predecessor-version":[{"id":272,"href":"https:\/\/les-amadeus.fr\/index.php\/wp-json\/wp\/v2\/pages\/234\/revisions\/272"}],"wp:attachment":[{"href":"https:\/\/les-amadeus.fr\/index.php\/wp-json\/wp\/v2\/media?parent=234"}],"curies":[{"name":"wp","href":"https:\/\/api.w.org\/{rel}","templated":true}]}}