{"id":391,"date":"2025-12-22T16:21:01","date_gmt":"2025-12-22T15:21:01","guid":{"rendered":"https:\/\/les-amadeus.fr\/?page_id=391"},"modified":"2025-12-22T16:21:01","modified_gmt":"2025-12-22T15:21:01","slug":"anoux-2025","status":"publish","type":"page","link":"https:\/\/les-amadeus.fr\/index.php\/anoux-2025\/","title":{"rendered":"Anoux 2025"},"content":{"rendered":"\n<p>Beau concert en l&rsquo;\u00e9glise d&rsquo;Anoux pour f\u00eater No\u00ebl le 21 d\u00e9cembre. <\/p>\n\n\n\n<figure class=\"wp-block-image size-large\"><img loading=\"lazy\" decoding=\"async\" width=\"1024\" height=\"683\" src=\"https:\/\/les-amadeus.fr\/wp-content\/uploads\/2025\/12\/Environ-100-spectateurs-2-1024x683.jpg\" alt=\"\" class=\"wp-image-392\" srcset=\"https:\/\/les-amadeus.fr\/wp-content\/uploads\/2025\/12\/Environ-100-spectateurs-2-1024x683.jpg 1024w, https:\/\/les-amadeus.fr\/wp-content\/uploads\/2025\/12\/Environ-100-spectateurs-2-300x200.jpg 300w, https:\/\/les-amadeus.fr\/wp-content\/uploads\/2025\/12\/Environ-100-spectateurs-2-768x512.jpg 768w, https:\/\/les-amadeus.fr\/wp-content\/uploads\/2025\/12\/Environ-100-spectateurs-2-1536x1024.jpg 1536w, https:\/\/les-amadeus.fr\/wp-content\/uploads\/2025\/12\/Environ-100-spectateurs-2-2048x1365.jpg 2048w, https:\/\/les-amadeus.fr\/wp-content\/uploads\/2025\/12\/Environ-100-spectateurs-2-90x60.jpg 90w\" sizes=\"auto, (max-width: 1024px) 100vw, 1024px\" \/><\/figure>\n\n\n\n<figure class=\"wp-block-image size-large\"><img loading=\"lazy\" decoding=\"async\" width=\"1024\" height=\"683\" src=\"https:\/\/les-amadeus.fr\/wp-content\/uploads\/2025\/12\/Le-groupe-des-12-choristes-dAmadeus-4-1024x683.jpg\" alt=\"\" class=\"wp-image-393\" srcset=\"https:\/\/les-amadeus.fr\/wp-content\/uploads\/2025\/12\/Le-groupe-des-12-choristes-dAmadeus-4-1024x683.jpg 1024w, https:\/\/les-amadeus.fr\/wp-content\/uploads\/2025\/12\/Le-groupe-des-12-choristes-dAmadeus-4-300x200.jpg 300w, https:\/\/les-amadeus.fr\/wp-content\/uploads\/2025\/12\/Le-groupe-des-12-choristes-dAmadeus-4-768x512.jpg 768w, https:\/\/les-amadeus.fr\/wp-content\/uploads\/2025\/12\/Le-groupe-des-12-choristes-dAmadeus-4-1536x1024.jpg 1536w, https:\/\/les-amadeus.fr\/wp-content\/uploads\/2025\/12\/Le-groupe-des-12-choristes-dAmadeus-4-2048x1365.jpg 2048w, https:\/\/les-amadeus.fr\/wp-content\/uploads\/2025\/12\/Le-groupe-des-12-choristes-dAmadeus-4-90x60.jpg 90w\" sizes=\"auto, (max-width: 1024px) 100vw, 1024px\" \/><\/figure>\n\n\n\n<figure class=\"wp-block-image size-large\"><img loading=\"lazy\" decoding=\"async\" width=\"1024\" height=\"576\" src=\"https:\/\/les-amadeus.fr\/wp-content\/uploads\/2025\/12\/Les-3-musiciens-1-1024x576.jpg\" alt=\"\" class=\"wp-image-394\" srcset=\"https:\/\/les-amadeus.fr\/wp-content\/uploads\/2025\/12\/Les-3-musiciens-1-1024x576.jpg 1024w, https:\/\/les-amadeus.fr\/wp-content\/uploads\/2025\/12\/Les-3-musiciens-1-300x170.jpg 300w, https:\/\/les-amadeus.fr\/wp-content\/uploads\/2025\/12\/Les-3-musiciens-1-768x432.jpg 768w, https:\/\/les-amadeus.fr\/wp-content\/uploads\/2025\/12\/Les-3-musiciens-1-1536x864.jpg 1536w, https:\/\/les-amadeus.fr\/wp-content\/uploads\/2025\/12\/Les-3-musiciens-1-2048x1153.jpg 2048w, https:\/\/les-amadeus.fr\/wp-content\/uploads\/2025\/12\/Les-3-musiciens-1-107x60.jpg 107w\" sizes=\"auto, (max-width: 1024px) 100vw, 1024px\" \/><\/figure>\n\n\n\n<figure class=\"wp-block-image size-large\"><img loading=\"lazy\" decoding=\"async\" width=\"1024\" height=\"683\" src=\"https:\/\/les-amadeus.fr\/wp-content\/uploads\/2025\/12\/Les-12-choristes-dAmadeus-chef-de-choeur-2-1024x683.jpg\" alt=\"\" class=\"wp-image-395\" srcset=\"https:\/\/les-amadeus.fr\/wp-content\/uploads\/2025\/12\/Les-12-choristes-dAmadeus-chef-de-choeur-2-1024x683.jpg 1024w, https:\/\/les-amadeus.fr\/wp-content\/uploads\/2025\/12\/Les-12-choristes-dAmadeus-chef-de-choeur-2-300x200.jpg 300w, https:\/\/les-amadeus.fr\/wp-content\/uploads\/2025\/12\/Les-12-choristes-dAmadeus-chef-de-choeur-2-768x512.jpg 768w, https:\/\/les-amadeus.fr\/wp-content\/uploads\/2025\/12\/Les-12-choristes-dAmadeus-chef-de-choeur-2-1536x1024.jpg 1536w, https:\/\/les-amadeus.fr\/wp-content\/uploads\/2025\/12\/Les-12-choristes-dAmadeus-chef-de-choeur-2-2048x1365.jpg 2048w, https:\/\/les-amadeus.fr\/wp-content\/uploads\/2025\/12\/Les-12-choristes-dAmadeus-chef-de-choeur-2-90x60.jpg 90w\" sizes=\"auto, (max-width: 1024px) 100vw, 1024px\" \/><\/figure>\n\n\n\n<figure class=\"wp-block-image size-large\"><img loading=\"lazy\" decoding=\"async\" width=\"1024\" height=\"577\" src=\"https:\/\/les-amadeus.fr\/wp-content\/uploads\/2025\/12\/IMG_20251221_133254-1024x577.jpg\" alt=\"\" class=\"wp-image-396\" srcset=\"https:\/\/les-amadeus.fr\/wp-content\/uploads\/2025\/12\/IMG_20251221_133254-1024x577.jpg 1024w, https:\/\/les-amadeus.fr\/wp-content\/uploads\/2025\/12\/IMG_20251221_133254-300x170.jpg 300w, https:\/\/les-amadeus.fr\/wp-content\/uploads\/2025\/12\/IMG_20251221_133254-768x433.jpg 768w, https:\/\/les-amadeus.fr\/wp-content\/uploads\/2025\/12\/IMG_20251221_133254-1536x866.jpg 1536w, https:\/\/les-amadeus.fr\/wp-content\/uploads\/2025\/12\/IMG_20251221_133254-2048x1155.jpg 2048w, https:\/\/les-amadeus.fr\/wp-content\/uploads\/2025\/12\/IMG_20251221_133254-106x60.jpg 106w\" sizes=\"auto, (max-width: 1024px) 100vw, 1024px\" \/><\/figure>\n","protected":false},"excerpt":{"rendered":"<p>Beau concert en l&rsquo;\u00e9glise d&rsquo;Anoux pour f\u00eater No\u00ebl le 21 d\u00e9cembre.<\/p>\n","protected":false},"author":1,"featured_media":0,"parent":0,"menu_order":0,"comment_status":"closed","ping_status":"closed","template":"","meta":{"footnotes":""},"class_list":["post-391","page","type-page","status-publish","hentry"],"_links":{"self":[{"href":"https:\/\/les-amadeus.fr\/index.php\/wp-json\/wp\/v2\/pages\/391","targetHints":{"allow":["GET"]}}],"collection":[{"href":"https:\/\/les-amadeus.fr\/index.php\/wp-json\/wp\/v2\/pages"}],"about":[{"href":"https:\/\/les-amadeus.fr\/index.php\/wp-json\/wp\/v2\/types\/page"}],"author":[{"embeddable":true,"href":"https:\/\/les-amadeus.fr\/index.php\/wp-json\/wp\/v2\/users\/1"}],"replies":[{"embeddable":true,"href":"https:\/\/les-amadeus.fr\/index.php\/wp-json\/wp\/v2\/comments?post=391"}],"version-history":[{"count":1,"href":"https:\/\/les-amadeus.fr\/index.php\/wp-json\/wp\/v2\/pages\/391\/revisions"}],"predecessor-version":[{"id":397,"href":"https:\/\/les-amadeus.fr\/index.php\/wp-json\/wp\/v2\/pages\/391\/revisions\/397"}],"wp:attachment":[{"href":"https:\/\/les-amadeus.fr\/index.php\/wp-json\/wp\/v2\/media?parent=391"}],"curies":[{"name":"wp","href":"https:\/\/api.w.org\/{rel}","templated":true}]}}